{"id":161,"date":"2026-03-17T23:22:47","date_gmt":"2026-03-18T02:22:47","guid":{"rendered":"https:\/\/www.geovani.com.br\/?page_id=161"},"modified":"2026-04-14T13:12:23","modified_gmt":"2026-04-14T16:12:23","slug":"contato","status":"publish","type":"page","link":"https:\/\/www.geovani.com.br\/index.php\/contato\/","title":{"rendered":"Contato"},"content":{"rendered":"\n<div class=\"wp-block-cover\"><img loading=\"lazy\" decoding=\"async\" width=\"761\" height=\"315\" class=\"wp-block-cover__image-background wp-image-371 size-full\" alt=\"\" src=\"https:\/\/www.geovani.com.br\/wp-content\/uploads\/2026\/03\/92c10f63929abdc2d7c375f2c59b919a.jpg\" data-object-fit=\"cover\" srcset=\"https:\/\/www.geovani.com.br\/wp-content\/uploads\/2026\/03\/92c10f63929abdc2d7c375f2c59b919a.jpg 761w, https:\/\/www.geovani.com.br\/wp-content\/uploads\/2026\/03\/92c10f63929abdc2d7c375f2c59b919a-300x124.jpg 300w\" sizes=\"auto, (max-width: 761px) 100vw, 761px\" \/><span aria-hidden=\"true\" class=\"wp-block-cover__background has-background-dim\" style=\"background-color:#5781a2\"><\/span><div class=\"wp-block-cover__inner-container is-layout-constrained wp-block-cover-is-layout-constrained\">\n<p class=\"has-text-align-left has-black-color has-text-color has-link-color has-large-font-size wp-elements-928080f2344e2d0969fe2e19a541146f\">Geovani Freitas &#8211; Inform\u00e1tica e Eletr\u00f4nica<\/p>\n\n\n\n<p class=\"has-text-align-center has-black-color has-text-color has-link-color has-medium-font-size wp-elements-c1fa5ce2d259f0aa98a719b388afa4d2\">Contrato de suporte t\u00e9cnico e Administra\u00e7\u00e3o de rede para empresas<\/p>\n<\/div><\/div>\n\n\n\n<p>.<\/p>\n\n\n\n<div class=\"wp-block-media-text is-stacked-on-mobile\" style=\"grid-template-columns:17% auto\"><figure class=\"wp-block-media-text__media\"><img loading=\"lazy\" decoding=\"async\" width=\"313\" height=\"367\" src=\"https:\/\/www.geovani.com.br\/wp-content\/uploads\/2026\/04\/Captura-de-tela-de-2025-12-05-16-56-40.png\" alt=\"\" class=\"wp-image-580 size-full\" srcset=\"https:\/\/www.geovani.com.br\/wp-content\/uploads\/2026\/04\/Captura-de-tela-de-2025-12-05-16-56-40.png 313w, https:\/\/www.geovani.com.br\/wp-content\/uploads\/2026\/04\/Captura-de-tela-de-2025-12-05-16-56-40-256x300.png 256w\" sizes=\"auto, (max-width: 313px) 100vw, 313px\" \/><\/figure><div class=\"wp-block-media-text__content\">\n<p>Ol\u00e1 cliente,<br>Meu trabalho \u00e9 administrar rede de computadores, preservando a seguran\u00e7a de dados e com manuten\u00e7\u00e3o f\u00edsica nos Hardwares assim como <strong>Suporte T\u00e9cnico Telem\u00e1tico, Remoto e Presencial .<\/strong><\/p>\n<\/div><\/div>\n\n\n\n<p class=\"has-medium-font-size\"><strong>Fale Comigo !<\/strong><\/p>\n\n\n\n<p>.<\/p>\n\n\n\n<div class=\"wpcf7 no-js\" id=\"wpcf7-f160-o1\" lang=\"pt-BR\" dir=\"ltr\" data-wpcf7-id=\"160\">\n<div class=\"screen-reader-response\"><p role=\"status\" aria-live=\"polite\" aria-atomic=\"true\"><\/p> <ul><\/ul><\/div>\n<form action=\"\/index.php\/wp-json\/wp\/v2\/pages\/161#wpcf7-f160-o1\" method=\"post\" class=\"wpcf7-form init\" aria-label=\"Formul\u00e1rios de contato\" novalidate=\"novalidate\" data-status=\"init\">\n<fieldset class=\"hidden-fields-container\"><input type=\"hidden\" name=\"_wpcf7\" value=\"160\" \/><input type=\"hidden\" name=\"_wpcf7_version\" value=\"6.1.5\" \/><input type=\"hidden\" name=\"_wpcf7_locale\" value=\"pt_BR\" \/><input type=\"hidden\" name=\"_wpcf7_unit_tag\" value=\"wpcf7-f160-o1\" \/><input type=\"hidden\" name=\"_wpcf7_container_post\" value=\"0\" \/><input type=\"hidden\" name=\"_wpcf7_posted_data_hash\" value=\"\" \/>\n<\/fieldset>\n<p><label> Seu nome<br \/>\n<span class=\"wpcf7-form-control-wrap\" data-name=\"your-name\"><input size=\"40\" maxlength=\"400\" class=\"wpcf7-form-control wpcf7-text wpcf7-validates-as-required\" autocomplete=\"name\" aria-required=\"true\" aria-invalid=\"false\" value=\"\" type=\"text\" name=\"your-name\" \/><\/span> <\/label>\n<\/p>\n<p><label> Seu e-mail<br \/>\n<span class=\"wpcf7-form-control-wrap\" data-name=\"your-email\"><input size=\"40\" maxlength=\"400\" class=\"wpcf7-form-control wpcf7-email wpcf7-validates-as-required wpcf7-text wpcf7-validates-as-email\" autocomplete=\"email\" aria-required=\"true\" aria-invalid=\"false\" value=\"\" type=\"email\" name=\"your-email\" \/><\/span> <\/label>\n<\/p>\n<p><label> Assunto<br \/>\n<span class=\"wpcf7-form-control-wrap\" data-name=\"your-subject\"><input size=\"40\" maxlength=\"400\" class=\"wpcf7-form-control wpcf7-text wpcf7-validates-as-required\" aria-required=\"true\" aria-invalid=\"false\" value=\"\" type=\"text\" name=\"your-subject\" \/><\/span> <\/label>\n<\/p>\n<p><label> Sua mensagem (opcional)<br \/>\n<span class=\"wpcf7-form-control-wrap\" data-name=\"your-message\"><textarea cols=\"40\" rows=\"10\" maxlength=\"2000\" class=\"wpcf7-form-control wpcf7-textarea\" aria-invalid=\"false\" name=\"your-message\"><\/textarea><\/span> <\/label>\n<\/p>\n<p><input class=\"wpcf7-form-control wpcf7-submit has-spinner\" type=\"submit\" value=\"Enviar\" \/>\n<\/p><div class=\"wpcf7-response-output\" aria-hidden=\"true\"><\/div>\n<\/form>\n<\/div>\n\n","protected":false},"excerpt":{"rendered":"<p>. Ol\u00e1 cliente,Meu trabalho \u00e9 administrar rede de computadores, preservando a seguran\u00e7a de dados e com manuten\u00e7\u00e3o f\u00edsica nos Hardwares assim como Suporte T\u00e9cnico Telem\u00e1tico, Remoto e Presencial . Fale Comigo ! .<\/p>\n","protected":false},"author":1,"featured_media":0,"parent":0,"menu_order":0,"comment_status":"closed","ping_status":"closed","template":"","meta":{"footnotes":""},"class_list":["post-161","page","type-page","status-publish","hentry"],"_links":{"self":[{"href":"https:\/\/www.geovani.com.br\/index.php\/wp-json\/wp\/v2\/pages\/161","targetHints":{"allow":["GET"]}}],"collection":[{"href":"https:\/\/www.geovani.com.br\/index.php\/wp-json\/wp\/v2\/pages"}],"about":[{"href":"https:\/\/www.geovani.com.br\/index.php\/wp-json\/wp\/v2\/types\/page"}],"author":[{"embeddable":true,"href":"https:\/\/www.geovani.com.br\/index.php\/wp-json\/wp\/v2\/users\/1"}],"replies":[{"embeddable":true,"href":"https:\/\/www.geovani.com.br\/index.php\/wp-json\/wp\/v2\/comments?post=161"}],"version-history":[{"count":8,"href":"https:\/\/www.geovani.com.br\/index.php\/wp-json\/wp\/v2\/pages\/161\/revisions"}],"predecessor-version":[{"id":582,"href":"https:\/\/www.geovani.com.br\/index.php\/wp-json\/wp\/v2\/pages\/161\/revisions\/582"}],"wp:attachment":[{"href":"https:\/\/www.geovani.com.br\/index.php\/wp-json\/wp\/v2\/media?parent=161"}],"curies":[{"name":"wp","href":"https:\/\/api.w.org\/{rel}","templated":true}]}}