{"id":21,"date":"2026-03-16T22:48:29","date_gmt":"2026-03-17T01:48:29","guid":{"rendered":"https:\/\/www.geovani.com.br\/?page_id=21"},"modified":"2026-04-11T01:25:32","modified_gmt":"2026-04-11T04:25:32","slug":"home","status":"publish","type":"page","link":"https:\/\/www.geovani.com.br\/","title":{"rendered":"Home"},"content":{"rendered":"\n<p class=\"has-white-color has-text-color has-background has-link-color wp-elements-63961b5b9608e73aef13d2a7277dd37b\" style=\"background-color:#456c83\"><strong>www.geovani.com.br <\/strong><\/p>\n\n\n\n<p>.<\/p>\n\n\n\n<figure class=\"wp-block-image size-full is-resized\"><img loading=\"lazy\" decoding=\"async\" width=\"657\" height=\"53\" src=\"https:\/\/www.geovani.com.br\/wp-content\/uploads\/2026\/03\/Captura-de-tela-de-2026-03-18-19-52-57.png\" alt=\"\" class=\"wp-image-265\" style=\"width:870px;height:auto\" srcset=\"https:\/\/www.geovani.com.br\/wp-content\/uploads\/2026\/03\/Captura-de-tela-de-2026-03-18-19-52-57.png 657w, https:\/\/www.geovani.com.br\/wp-content\/uploads\/2026\/03\/Captura-de-tela-de-2026-03-18-19-52-57-300x24.png 300w\" sizes=\"auto, (max-width: 657px) 100vw, 657px\" \/><\/figure>\n\n\n\n<p>O T\u00e9cnico em Inform\u00e1tica \u00e9 o profissional que instala sistemas operacionais em desktop e servidores com acesso web e a banco de dados. tamb\u00e9m realiza manuten\u00e7\u00e3o de computadores de uso geral, instala e configura redes de computadores locais de pequeno m\u00e9dio e grande porte. Alem de ser respons\u00e1vel pela seguran\u00e7a dos dados com backup di\u00e1rios.<\/p>\n\n\n\n<p>.<\/p>\n\n\n\n<p class=\"has-white-color has-text-color has-background has-link-color has-medium-font-size wp-elements-17e397c01106a5d4e2622d4a602841ec\" style=\"background-color:#3a596a\">.<strong>Servi\u00e7os Prestados<\/strong> , Suporte T\u00e9cnico e administra\u00e7\u00e3o de rede .<\/p>\n\n\n\n<p>.<\/p>\n\n\n\n<figure class=\"wp-block-image size-full is-resized\"><img loading=\"lazy\" decoding=\"async\" width=\"657\" height=\"127\" src=\"https:\/\/www.geovani.com.br\/wp-content\/uploads\/2026\/03\/WhatsApp-Image-2026-03-18-at-20.35.06.jpeg\" alt=\"\" class=\"wp-image-274\" style=\"width:901px;height:auto\" srcset=\"https:\/\/www.geovani.com.br\/wp-content\/uploads\/2026\/03\/WhatsApp-Image-2026-03-18-at-20.35.06.jpeg 657w, https:\/\/www.geovani.com.br\/wp-content\/uploads\/2026\/03\/WhatsApp-Image-2026-03-18-at-20.35.06-300x58.jpeg 300w\" sizes=\"auto, (max-width: 657px) 100vw, 657px\" \/><\/figure>\n\n\n\n<figure class=\"wp-block-image size-full is-resized\"><img loading=\"lazy\" decoding=\"async\" width=\"648\" height=\"173\" src=\"https:\/\/www.geovani.com.br\/wp-content\/uploads\/2026\/03\/WhatsApp-Image-2026-03-18-at-20.48.07.jpeg\" alt=\"\" class=\"wp-image-277\" style=\"width:917px;height:auto\" srcset=\"https:\/\/www.geovani.com.br\/wp-content\/uploads\/2026\/03\/WhatsApp-Image-2026-03-18-at-20.48.07.jpeg 648w, https:\/\/www.geovani.com.br\/wp-content\/uploads\/2026\/03\/WhatsApp-Image-2026-03-18-at-20.48.07-300x80.jpeg 300w\" sizes=\"auto, (max-width: 648px) 100vw, 648px\" \/><\/figure>\n\n\n\n<figure class=\"wp-block-image size-full is-resized\"><img loading=\"lazy\" decoding=\"async\" width=\"628\" height=\"144\" src=\"https:\/\/www.geovani.com.br\/wp-content\/uploads\/2026\/03\/WhatsApp-Image-2026-03-18-at-21.19.57.jpeg\" alt=\"\" class=\"wp-image-279\" style=\"aspect-ratio:4.361392079547403;width:837px;height:auto\" srcset=\"https:\/\/www.geovani.com.br\/wp-content\/uploads\/2026\/03\/WhatsApp-Image-2026-03-18-at-21.19.57.jpeg 628w, https:\/\/www.geovani.com.br\/wp-content\/uploads\/2026\/03\/WhatsApp-Image-2026-03-18-at-21.19.57-300x69.jpeg 300w\" sizes=\"auto, (max-width: 628px) 100vw, 628px\" \/><\/figure>\n\n\n\n<p class=\"has-white-color has-text-color has-background has-link-color wp-elements-d057083cc98fa878247d8c5c9b18e792\" style=\"background-color:#123a51\">PERGUNTAS FREQUENTES<\/p>\n\n\n\n<p>Qual servi\u00e7o prestado ?<br><strong>r<\/strong>: Administra\u00e7\u00e3o de rede .<br>O que faz um administrador de rede ?<br><strong>r<\/strong>: tudo relacionado a inform\u00e1tica.<br>Porque terceirizar um administrador de rede ?<br><strong>r<\/strong>: A maior vantagem \u00e9 com rela\u00e7\u00e3o o valor e obriga\u00e7\u00f5es tribut\u00e1rias.<br>Como funciona o servi\u00e7o ?<br><strong>r<\/strong>: Depois do contrato feito de acordo com a realidade da empresa, o administrador tem que resolver o mais r\u00e1pido poss\u00edvel as demandas do dia a dia.<br>como \u00e9 cobrado o servi\u00e7o ?<br><strong>r<\/strong>: \u00c9 de acordo com a demanda. se tem servidores, esta\u00e7\u00f5es de trabalho, atendimento local, atendimento remoto e por telefone.<br>Como funciona o atendimento local?<br><strong>r<\/strong>: Tem a op\u00e7\u00e3o de n\u00fameros de hora m\u00eas e sem limite de tempo.<br>Como funciona a manuten\u00e7\u00e3o de hardware ?<br><strong>r<\/strong>: Caso o problema n\u00e3o tenha como resolver no local, \u00e9 levado para o laborat\u00f3rio e \u00e9 cobrado s\u00f3 as pe\u00e7as se houver necessidade de trocar.<br>Como funciona a instala\u00e7\u00e3o e monitoramento do servidor ?<br><strong>r<\/strong>: A instala\u00e7\u00e3o \u00e9 feita dentro do valor de horas contratadas ou com hora ilimitada do contrato.<br>Como funciona a manuten\u00e7\u00e3o das esta\u00e7\u00f5es ?<br><strong>r<\/strong>: Atendimento local, remoto ou por telefone durante todo o dia e a noite.<br>Como funciona a seguran\u00e7a de dados ?<br><strong>r<\/strong>: Instala\u00e7\u00e3o de Firewall personalizado.<br>Como funciona o backup de dados ?<br><strong>r<\/strong>: Backup automatizado diariamente, de esta\u00e7\u00e3o e servidor, e monitorado<br>Onde fica este backup ?<br><strong>r<\/strong>: O backup fica em um servidor de backup local e em nuvem.<br>Quais servi\u00e7os s\u00e3o mais usados no dia a dia de uma empresa?<br><strong>r<\/strong>: O mais usado \u00e9 o suporte remoto, por diversos motivos, seja instala\u00e7\u00e3o ou corre\u00e7\u00e3o.<br>Porque ter um contrato se posso agendar um atendimento local quando tiver necessidade?<br><strong>r<\/strong>: No contrato o administrador \u00e9 resson\u00e1vel pelos dados da empresa! e seus dados \u00e9 o que tem de mais valor na sua empresa.<br>Qual a vantagem de contratar o Geovani se posso contratar uma empresa com v\u00e1rios funcion\u00e1rios?<br><strong>r<\/strong>: A vantagem \u00e9 ter um suporte personalizado, com um conhecimento ativo de quase trinta anos de pratica.<br>al\u00e9m de uma parceria que vai al\u00e9m de valores financeiros.<br>\u00c9 s\u00f3 entrar em contato e fazer o contrato?<br><strong>r<\/strong>: Infelizmente n\u00e3o, meus clientes s\u00e3o os mesmos a d\u00e9cadas, e s\u00f3 fa\u00e7o contrato se eu tiver condi\u00e7\u00f5es de prestar um bom servi\u00e7o.<br>m\u00e1s o primeiro passo \u00e9 fazer contato.<\/p>\n\n\n\n<p><\/p>\n","protected":false},"excerpt":{"rendered":"<p>www.geovani.com.br . O T\u00e9cnico em Inform\u00e1tica \u00e9 o profissional que instala sistemas operacionais em desktop e servidores com acesso web e a banco de dados. tamb\u00e9m realiza manuten\u00e7\u00e3o de computadores de uso geral, instala e configura redes de computadores locais<\/p>\n","protected":false},"author":1,"featured_media":0,"parent":0,"menu_order":0,"comment_status":"closed","ping_status":"closed","template":"","meta":{"footnotes":""},"class_list":["post-21","page","type-page","status-publish","hentry"],"_links":{"self":[{"href":"https:\/\/www.geovani.com.br\/index.php\/wp-json\/wp\/v2\/pages\/21","targetHints":{"allow":["GET"]}}],"collection":[{"href":"https:\/\/www.geovani.com.br\/index.php\/wp-json\/wp\/v2\/pages"}],"about":[{"href":"https:\/\/www.geovani.com.br\/index.php\/wp-json\/wp\/v2\/types\/page"}],"author":[{"embeddable":true,"href":"https:\/\/www.geovani.com.br\/index.php\/wp-json\/wp\/v2\/users\/1"}],"replies":[{"embeddable":true,"href":"https:\/\/www.geovani.com.br\/index.php\/wp-json\/wp\/v2\/comments?post=21"}],"version-history":[{"count":49,"href":"https:\/\/www.geovani.com.br\/index.php\/wp-json\/wp\/v2\/pages\/21\/revisions"}],"predecessor-version":[{"id":575,"href":"https:\/\/www.geovani.com.br\/index.php\/wp-json\/wp\/v2\/pages\/21\/revisions\/575"}],"wp:attachment":[{"href":"https:\/\/www.geovani.com.br\/index.php\/wp-json\/wp\/v2\/media?parent=21"}],"curies":[{"name":"wp","href":"https:\/\/api.w.org\/{rel}","templated":true}]}}